{"id":9272,"date":"2024-03-18T18:01:17","date_gmt":"2024-03-18T18:01:17","guid":{"rendered":"https:\/\/lugplast.hr\/?page_id=9272"},"modified":"2024-03-18T18:09:44","modified_gmt":"2024-03-18T18:09:44","slug":"abfallbegleitblatt","status":"publish","type":"page","link":"https:\/\/lugplast.hr\/index.php\/de\/abfallbegleitblatt\/","title":{"rendered":"Abfallbegleitblatt"},"content":{"rendered":"\n<h2 class=\"wp-block-heading has-x-large-font-size\">Abfallbegleitblatt<\/h2>\n\n\n\n<p>Die Dienstleistungen von <strong>Lugplast d.o.o.<\/strong> k\u00f6nnen genau definiert werden, entsprechend Ihren Bed\u00fcrfnissen oder auf Anfrage. Bei der Lieferung von Abfall sind Sie verpflichtet, dem Fahrer ein ausgef\u00fclltes und beglaubigtes Abfallbegleitdokument in 2 Exemplaren zu \u00fcbergeben; ein beglaubigtes Exemplar wird Ihnen per Post zur\u00fcckgeschickt.<\/p>\n\n\n\n<p><strong>Das Abfallbegleitdokument<\/strong> (mit Lugplast d.o.o. als Empf\u00e4nger und Abfalltransporteur) k\u00f6nnen Sie <a href=\"https:\/\/lugplast.hr\/wp-content\/uploads\/2024\/02\/PL-O-Primatelj-i-prijevoznik-LUGplast.docx\"><strong>hier<\/strong><\/a> herunterladen.<\/p>\n\n\n\n<p><strong>Das Abfallbegleitdokument<\/strong> (mit Lugplast d.o.o. als Abfallempf\u00e4nger) k\u00f6nnen Sie <a href=\"https:\/\/lugplast.hr\/wp-content\/uploads\/2024\/02\/PL-O-Primatelj-LUGplast.docx\" data-type=\"link\" data-id=\"https:\/\/lugplast.hr\/wp-content\/uploads\/2024\/02\/UPUTE-ZA-ISPUNJAVANJE-PRATECEG-LISTA-ZA-OTPAD-15_9_2022.pdf\"><strong>hier<\/strong><\/a> herunterladen.<\/p>\n\n\n\n<p><strong>Anweisungen<\/strong> zur Ausf\u00fcllung des Abfallbegleitdokuments k\u00f6nnen Sie <a href=\"https:\/\/lugplast.hr\/wp-content\/uploads\/2024\/02\/UPUTE-ZA-ISPUNJAVANJE-PRATECEG-LISTA-ZA-OTPAD-15_9_2022.pdf\"><strong>hier<\/strong><\/a> herunterladen.<\/p>\n","protected":false},"excerpt":{"rendered":"<p>Abfallbegleitblatt Die Dienstleistungen von Lugplast d.o.o. k\u00f6nnen genau definiert werden, entsprechend Ihren Bed\u00fcrfnissen oder auf Anfrage. Bei der Lieferung von Abfall sind Sie verpflichtet, dem Fahrer ein ausgef\u00fclltes und beglaubigtes Abfallbegleitdokument in 2 Exemplaren zu \u00fcbergeben; ein beglaubigtes Exemplar wird Ihnen per Post zur\u00fcckgeschickt. Das Abfallbegleitdokument (mit Lugplast d.o.o. als Empf\u00e4nger und Abfalltransporteur) k\u00f6nnen Sie [&hellip;]<\/p>\n","protected":false},"author":1,"featured_media":0,"parent":0,"menu_order":0,"comment_status":"closed","ping_status":"closed","template":"","meta":{"footnotes":""},"_links":{"self":[{"href":"https:\/\/lugplast.hr\/index.php\/wp-json\/wp\/v2\/pages\/9272"}],"collection":[{"href":"https:\/\/lugplast.hr\/index.php\/wp-json\/wp\/v2\/pages"}],"about":[{"href":"https:\/\/lugplast.hr\/index.php\/wp-json\/wp\/v2\/types\/page"}],"author":[{"embeddable":true,"href":"https:\/\/lugplast.hr\/index.php\/wp-json\/wp\/v2\/users\/1"}],"replies":[{"embeddable":true,"href":"https:\/\/lugplast.hr\/index.php\/wp-json\/wp\/v2\/comments?post=9272"}],"version-history":[{"count":3,"href":"https:\/\/lugplast.hr\/index.php\/wp-json\/wp\/v2\/pages\/9272\/revisions"}],"predecessor-version":[{"id":9277,"href":"https:\/\/lugplast.hr\/index.php\/wp-json\/wp\/v2\/pages\/9272\/revisions\/9277"}],"wp:attachment":[{"href":"https:\/\/lugplast.hr\/index.php\/wp-json\/wp\/v2\/media?parent=9272"}],"curies":[{"name":"wp","href":"https:\/\/api.w.org\/{rel}","templated":true}]}}