{"id":9295,"date":"2024-03-18T20:08:47","date_gmt":"2024-03-18T20:08:47","guid":{"rendered":"https:\/\/lugplast.hr\/?page_id=9295"},"modified":"2024-03-18T22:12:50","modified_gmt":"2024-03-18T22:12:50","slug":"uber-uns","status":"publish","type":"page","link":"https:\/\/lugplast.hr\/index.php\/de\/uber-uns\/","title":{"rendered":"\u00dcber uns"},"content":{"rendered":"<p>[vc_row bg_type=&#8221;image&#8221; parallax_style=&#8221;vcpb-default&#8221; bg_image_new=&#8221;id^9063|url^https:\/\/lugplast.hr\/wp-content\/uploads\/2016\/08\/o-nama.jpg|caption^null|alt^null|title^o nama|description^null&#8221; bg_override=&#8221;ex-full&#8221; enable_overlay=&#8221;enable_overlay_value&#8221; overlay_color=&#8221;rgba(25,25,25,0.45)&#8221; css=&#8221;.vc_custom_1512987833514{padding-top: 150px !important;padding-bottom: 100px !important;}&#8221;][vc_column 0=&#8221;&#8221;]<div class=\"ult-animation  ult-animate-viewport  ult-no-mobile \" data-animate=\"slideInUp\" data-animation-delay=\"0\" data-animation-duration=\"0.5\" data-animation-iteration=\"1\" style=\"opacity:0;\" data-opacity_start_effect=\"\">[vc_custom_heading text=&#8221;Entsorgung von nicht gef\u00e4hrlichen Abf\u00e4llen&#8221; font_container=&#8221;tag:h2|font_size:50px|text_align:center|color:%23ffffff|line_height:60px&#8221; use_theme_fonts=&#8221;yes&#8221; el_class=&#8221;adjust-pagetitle-mobile-size&#8221;]<\/div><div class=\"ult-animation  ult-animate-viewport  ult-no-mobile \" data-animate=\"slideInUp\" data-animation-delay=\"0.1\" data-animation-duration=\"0.5\" data-animation-iteration=\"1\" style=\"opacity:0;\" data-opacity_start_effect=\"\">[vc_column_text 0=&#8221;&#8221;]<\/p>\n<h4 style=\"text-align: center;\"><span style=\"color: #ffffff;\">KUNSTSTOFFABFALL<\/span> <span style=\"color: #7dc771;\">\u25cf<\/span> <span style=\"color: #ffffff;\">PAPIER UND PAPPE<\/span> <span style=\"color: #7dc771;\">\u25cf<\/span> <span style=\"color: #ffffff;\">BIOLOGISCH ABBAUBARER ABFALL<\/span> <span style=\"color: #7dc771;\">\u25cf<\/span> <span style=\"color: #ffffff;\">INDUSTRIEABF\u00c4LLE<\/span><\/h4>\n<p>[\/vc_column_text]<\/div><div class=\"ult-animation  ult-animate-viewport  ult-no-mobile \" data-animate=\"flash\" data-animation-delay=\"0.1\" data-animation-duration=\"0.5\" data-animation-iteration=\"1\" style=\"opacity:0;\" data-opacity_start_effect=\"\">[vc_icon type=&#8221;typicons&#8221; icon_typicons=&#8221;typcn typcn-arrow-down&#8221; color=&#8221;custom&#8221; size=&#8221;lg&#8221; align=&#8221;center&#8221; custom_color=&#8221;#ffffff&#8221; link=&#8221;url:http%3A%2F%2Fupperinc.com%2Fpreviews%2Fwp%2Fimperio%2Fcorporate%2Fservices-version-2%2F%23s-section|||&#8221; el_class=&#8221;nav-to bottom-element&#8221;]<\/div>[\/vc_column][\/vc_row][vc_row el_id=&#8221;s-section&#8221; css=&#8221;.vc_custom_1472507956478{margin-top: 80px !important;margin-bottom: 60px !important;}&#8221;][vc_column width=&#8221;2\/3&#8243;][vc_custom_heading text=&#8221;Erfahren Sie mehr \u00fcber uns&#8221; font_container=&#8221;tag:h3|text_align:left&#8221; use_theme_fonts=&#8221;yes&#8221;][vc_empty_space height=&#8221;30px&#8221;]<div id=\"advanced-tabs-desc-wrap-1916\" class=\"ult_tabs \" style=\" \" data-tabsstyle=\"style2\"\n data-titlebg=\"#dedddd\" data-titlecolor=\"#555555\" data-fullheight=\"off\"\n data-titlehoverbg=\"#7dc771\" data-titlehovercolor=\"#ffffff\"\n data-rotatetabs=\"0\" data-responsivemode=\"Both\" data-animation=\"Slide\"\ndata-activetitle=\"#ffffff\" data-activeicon=\"\" data-activebg=\"#7dc771\"  data-respmode=\"Tabs\" data-respwidth=\"400\" data-scroll = \"on\" data-activeindex=\"1\"><ul id=advanced-tabs-wrap-2814 class=\"ult_tabmenu style2 \" style=\"color:transparent;border-bottom-color:transparent;border-bottom-width:0px;border-bottom-style:solid;border-bottom-width:0px;\"><li class=\"ult_tab_li   \" data-iconcolor=\"#74777b\" data-iconhover=\"#ffffff\" style=\"\">\n\t\t\t\t\t<a href=\"#d7d37737-1fb1-5\" id=\"d7d37737-1fb1-5\" style=\"color:#555555;background-color:#dedddd;border-top-left-radius:8px;;  \" class=\"ult_a \">\n\t\t\t\t\t   <span class=\"ult_tab_main  Both \">\n\t\t\t\t\t    <span class=\"ult_tab_section\">\n\t\t\t\t\t  \t\t<span  data-ultimate-target='#advanced-tabs-wrap-2814 .ult-span-text'  data-responsive-json-new='{\"font-size\":\"desktop:13px;\",\"line-height\":\"\"}'  class=\"ult-span-text ult-responsive\" style=\"font-family:Raleway;font-weight:700;\">WER WIR SIND<\/span>\n\t\t\t\t\t\t   \t<span class=\"aio-icon none ult_tab_iconright\" style=\"color:#74777b;font-size:15px;\">\n\t\t\t\t\t\t   \t<i class=\"   ult_tab_icon\"  ><\/i>\n\t\t\t\t\t\t   <\/span>\n\t\t\t\t\t\t<\/span>\n\t\t\t\t\t   <\/span>\n\n\t\t\t\t\t<\/a>\n\t\t\t\t\t<\/li><li class=\"ult_tab_li   \" data-iconcolor=\"#74777b\" data-iconhover=\"#ffffff\" style=\"\">\n\t\t\t\t\t<a href=\"#6b701957-9162-7\" id=\"6b701957-9162-7\" style=\"color:#555555;background-color:#dedddd;border-top-right-radius:8px;;  \" class=\"ult_a \">\n\t\t\t\t\t   <span class=\"ult_tab_main  Both \">\n\t\t\t\t\t    <span class=\"ult_tab_section\">\n\t\t\t\t\t  \t\t<span  data-ultimate-target='#advanced-tabs-wrap-2814 .ult-span-text'  data-responsive-json-new='{\"font-size\":\"desktop:13px;\",\"line-height\":\"\"}'  class=\"ult-span-text ult-responsive\" style=\"font-family:Raleway;font-weight:700;\">UNSERE ZIELE<\/span>\n\t\t\t\t\t\t   \t<span class=\"aio-icon none ult_tab_iconright\" style=\"color:#74777b;font-size:15px;\">\n\t\t\t\t\t\t   \t<i class=\"   ult_tab_icon\"  ><\/i>\n\t\t\t\t\t\t   <\/span>\n\t\t\t\t\t\t<\/span>\n\t\t\t\t\t   <\/span>\n\n\t\t\t\t\t<\/a>\n\t\t\t\t\t<\/li><\/ul><div  data-ultimate-target='#advanced-tabs-desc-wrap-1916 .ult_tabcontent .ult_tab_min_contain  p'  data-responsive-json-new='{\"font-size\":\"\",\"line-height\":\"\"}' class=\"ult_tabcontent ult-responsive style2\" style=\"color:#74777b;\"><div class=\"ult_tab_min_contain \" >\n\t\t\t<div  class=\"ult_tabitemname\"  >\n\t\t\t\t[vc_column_text 0=&#8221;&#8221;]Das Unternehmen LUGplast d.o.o. mit Sitz in Lug 55\/d, 47201 Dragani\u0107, besch\u00e4ftigt sich seit 2015 mit dem Management von nicht gef\u00e4hrlichen Abf\u00e4llen. Wir haben uns auf die effiziente, umweltbewusste und nachhaltige Entsorgung von nicht gef\u00e4hrlichen Abf\u00e4llen spezialisiert. Wir verf\u00fcgen \u00fcber moderne Anlagen und Infrastrukturen, die eine effiziente Entsorgung verschiedener Arten von nicht gef\u00e4hrlichen Abf\u00e4llen erm\u00f6glichen. Unsere Anlagen sind mit der neuesten Technologie ausgestattet, um eine sichere, umweltfreundliche und gesetzeskonforme Abfallbehandlung zu gew\u00e4hrleisten. Wir bieten eine breite Palette von Dienstleistungen im Bereich der Entsorgung von nicht gef\u00e4hrlichen Abf\u00e4llen an, darunter Sammlung, Transport, Sortierung, Recycling und sichere Entsorgung von Abf\u00e4llen nach den h\u00f6chsten Industriestandards. Unser Management und unsere Mitarbeiter in F\u00fchrungspositionen sind Experten in der Abfallwirtschaft mit langj\u00e4hriger Erfahrung. Das Unternehmen besch\u00e4ftigt \u00fcber 60 Mitarbeiter und verarbeitet monatlich \u00fcber 1500 Tonnen gemischte Kunststoffabf\u00e4lle. Zus\u00e4tzlich zu den Industrieabf\u00e4llen und allen anderen Abfallarten sammeln und verarbeiten wir monatlich \u00fcber 2000 Tonnen Abfall. Wir verf\u00fcgen \u00fcber Genehmigungen f\u00fcr die Abfallentsorgung, die von der Verwaltungsabteilung f\u00fcr Raumplanung, Bauwesen und Umweltschutz der Gespanschaft Karlovac erteilt wurden. Mit unseren hohen Qualit\u00e4tsstandards zeichnen wir uns als zuverl\u00e4ssiger Partner im Bereich der Entsorgung von nicht gef\u00e4hrlichen Abf\u00e4llen aus und bieten unseren Kunden Sicherheit, Zuverl\u00e4ssigkeit und Umweltbewusstsein bei jedem Schritt des Entsorgungsprozesses, wie unsere vielen zufriedenen Kunden beweisen.[\/vc_column_text]\n\t\t\t<\/div>\n\t\t\t<div  class=\"ult_tabitemname\"  >\n\t\t\t\t[vc_row_inner 0=&#8221;&#8221;][vc_column_inner width=&#8221;2\/3&#8243;][vc_column_text 0=&#8221;&#8221;]Das Unternehmen LUGplast d.o.o. geh\u00f6rt zu den regionalen Marktf\u00fchrern in der Abfallwirtschaft. Ziel des Unternehmens ist es, seinen Kunden qualitativ hochwertige Entsorgungsdienstleistungen f\u00fcr nicht gef\u00e4hrliche Abf\u00e4lle zu bieten, einschlie\u00dflich Zuverl\u00e4ssigkeit, Schnelligkeit und Effizienz in jedem Schritt des Entsorgungsprozesses, und die Menge an Abf\u00e4llen, die recycelt oder kompostiert werden, zu erh\u00f6hen, um die Menge an Abf\u00e4llen, die auf Deponien landen, zu reduzieren. Wir streben nach st\u00e4ndiger Verbesserung und Innovation in der Abfallwirtschaft sowie nach einer Verringerung der negativen Auswirkungen von Abf\u00e4llen auf die Umwelt.[\/vc_column_text][\/vc_column_inner][vc_column_inner width=&#8221;1\/3&#8243;][vc_single_image image=&#8221;9068&#8243; img_size=&#8221;full&#8221;][\/vc_column_inner][\/vc_row_inner]\n\t\t\t<\/div><\/div><\/div><\/div><div class=\"ult_acord advanced-tabs-desc-wrap-1916\">\n   <div class=\"ult-tabto-accordion \" style=\"width:;\"\n    data-titlecolor=\"#555555\"  data-titlebg=\"#dedddd\"\n     data-titlehoverbg=\"#7dc771\" data-titlehovercolor=\"#ffffff\" data-animation=\"Slide\"\n     data-activetitle=\"#ffffff\" data-activeicon=\"\" data-activebg=\"#7dc771\" data-scroll = \"on\" data-activeindex=\"1\" >\n     <dl><dt class=\"\">\n        \t<a class=\"ult-tabto-actitle withBorder ult_a\" id=\"d7d37737-1fb1-5\" style=\"color:#555555;;background-color:#dedddd;border-bottom-color:transparent;border-bottom-width:0px;border-bottom-style:solid;\" href=\"#d7d37737-1fb1-5\">\n        \t\t<i class=\"accordion-icon\">+<\/i>\n        \t\t\t<span class=\"ult_tab_main ult_ac_mainBoth\">\n\t\t\t\t\t   <span  data-ultimate-target='#advanced-tabs-wrap-2814 .ult-span-text'  data-responsive-json-new='{\"font-size\":\"desktop:13px;\",\"line-height\":\"\"}'  class=\"ult-span-text ult_acordian-text ult-responsive\" style=\"font-family:Raleway;font-weight:700;;color:inherit \" >WER WIR SIND<\/span>\n\t\t\t\t\t<\/span>\n\t\t\t\t\t   <div class=\"aio-icon none \" style=\"color:#74777b;font-size:15px;\" data-iconcolor=\"#74777b\" data-iconhover=\"#ffffff\">\n\t\t\t\t\t   <i class=\"    ult_tab_icon\"  ><\/i>\n\t\t\t\t\t   <\/div>\n\t\t\t\t\t<\/a><\/dt>\n            \t\t<dd class=\"ult-tabto-accordionItem ult-tabto-accolapsed\">\n\t\t\t            <div class=\"ult-tabto-acontent\" style=\"color:#74777b;\">\n\t\t\t               [vc_column_text 0=&#8221;&#8221;]Das Unternehmen LUGplast d.o.o. mit Sitz in Lug 55\/d, 47201 Dragani\u0107, besch\u00e4ftigt sich seit 2015 mit dem Management von nicht gef\u00e4hrlichen Abf\u00e4llen. Wir haben uns auf die effiziente, umweltbewusste und nachhaltige Entsorgung von nicht gef\u00e4hrlichen Abf\u00e4llen spezialisiert. Wir verf\u00fcgen \u00fcber moderne Anlagen und Infrastrukturen, die eine effiziente Entsorgung verschiedener Arten von nicht gef\u00e4hrlichen Abf\u00e4llen erm\u00f6glichen. Unsere Anlagen sind mit der neuesten Technologie ausgestattet, um eine sichere, umweltfreundliche und gesetzeskonforme Abfallbehandlung zu gew\u00e4hrleisten. Wir bieten eine breite Palette von Dienstleistungen im Bereich der Entsorgung von nicht gef\u00e4hrlichen Abf\u00e4llen an, darunter Sammlung, Transport, Sortierung, Recycling und sichere Entsorgung von Abf\u00e4llen nach den h\u00f6chsten Industriestandards. Unser Management und unsere Mitarbeiter in F\u00fchrungspositionen sind Experten in der Abfallwirtschaft mit langj\u00e4hriger Erfahrung. Das Unternehmen besch\u00e4ftigt \u00fcber 60 Mitarbeiter und verarbeitet monatlich \u00fcber 1500 Tonnen gemischte Kunststoffabf\u00e4lle. Zus\u00e4tzlich zu den Industrieabf\u00e4llen und allen anderen Abfallarten sammeln und verarbeiten wir monatlich \u00fcber 2000 Tonnen Abfall. Wir verf\u00fcgen \u00fcber Genehmigungen f\u00fcr die Abfallentsorgung, die von der Verwaltungsabteilung f\u00fcr Raumplanung, Bauwesen und Umweltschutz der Gespanschaft Karlovac erteilt wurden. Mit unseren hohen Qualit\u00e4tsstandards zeichnen wir uns als zuverl\u00e4ssiger Partner im Bereich der Entsorgung von nicht gef\u00e4hrlichen Abf\u00e4llen aus und bieten unseren Kunden Sicherheit, Zuverl\u00e4ssigkeit und Umweltbewusstsein bei jedem Schritt des Entsorgungsprozesses, wie unsere vielen zufriedenen Kunden beweisen.[\/vc_column_text]\n\t\t\t            <\/div>\n        \t<\/dd><dt class=\"\">\n        \t<a class=\"ult-tabto-actitle withBorder ult_a\" id=\"6b701957-9162-7\" style=\"color:#555555;;background-color:#dedddd;border-bottom-color:transparent;border-bottom-width:0px;border-bottom-style:solid;border-bottom-color:transparent;border-bottom-width:0px;border-bottom-style:solid;\" href=\"#6b701957-9162-7\">\n        \t\t<i class=\"accordion-icon\">+<\/i>\n        \t\t\t<span class=\"ult_tab_main ult_ac_mainBoth\">\n\t\t\t\t\t   <span  data-ultimate-target='#advanced-tabs-wrap-2814 .ult-span-text'  data-responsive-json-new='{\"font-size\":\"desktop:13px;\",\"line-height\":\"\"}'  class=\"ult-span-text ult_acordian-text ult-responsive\" style=\"font-family:Raleway;font-weight:700;;color:inherit \" >UNSERE ZIELE<\/span>\n\t\t\t\t\t<\/span>\n\t\t\t\t\t   <div class=\"aio-icon none \" style=\"color:#74777b;font-size:15px;\" data-iconcolor=\"#74777b\" data-iconhover=\"#ffffff\">\n\t\t\t\t\t   <i class=\"    ult_tab_icon\"  ><\/i>\n\t\t\t\t\t   <\/div>\n\t\t\t\t\t<\/a><\/dt>\n            \t\t<dd class=\"ult-tabto-accordionItem ult-tabto-accolapsed\">\n\t\t\t            <div class=\"ult-tabto-acontent\" style=\"color:#74777b;\">\n\t\t\t               [vc_row_inner 0=&#8221;&#8221;][vc_column_inner width=&#8221;2\/3&#8243;][vc_column_text 0=&#8221;&#8221;]Das Unternehmen LUGplast d.o.o. geh\u00f6rt zu den regionalen Marktf\u00fchrern in der Abfallwirtschaft. Ziel des Unternehmens ist es, seinen Kunden qualitativ hochwertige Entsorgungsdienstleistungen f\u00fcr nicht gef\u00e4hrliche Abf\u00e4lle zu bieten, einschlie\u00dflich Zuverl\u00e4ssigkeit, Schnelligkeit und Effizienz in jedem Schritt des Entsorgungsprozesses, und die Menge an Abf\u00e4llen, die recycelt oder kompostiert werden, zu erh\u00f6hen, um die Menge an Abf\u00e4llen, die auf Deponien landen, zu reduzieren. Wir streben nach st\u00e4ndiger Verbesserung und Innovation in der Abfallwirtschaft sowie nach einer Verringerung der negativen Auswirkungen von Abf\u00e4llen auf die Umwelt.[\/vc_column_text][\/vc_column_inner][vc_column_inner width=&#8221;1\/3&#8243;][vc_single_image image=&#8221;9068&#8243; img_size=&#8221;full&#8221;][\/vc_column_inner][\/vc_row_inner]\n\t\t\t            <\/div>\n        \t<\/dd>\n    \t<\/dl>\n    <!--<div class=\"extraborder\" style=\"background-color:#7dc771\"><\/div>-->\n<\/div>\n\n<\/div>[\/vc_column][vc_column width=&#8221;1\/3&#8243;][vc_custom_heading text=&#8221;Die Wirksamkeit unserer Verarbeitung&#8221; font_container=&#8221;tag:h3|text_align:left&#8221; use_theme_fonts=&#8221;yes&#8221;][vc_empty_space height=&#8221;30px&#8221;][vc_progress_bar values=&#8221;%5B%7B%22label%22%3A%22KUNSTSTOFFABFALL%22%2C%22value%22%3A%2270%22%7D%2C%7B%22label%22%3A%22Papier%20und%20pappe%22%2C%22value%22%3A%2295%22%7D%2C%7B%22label%22%3A%22Metallabf\u00e4lle%22%2C%22value%22%3A%2299%22%7D%2C%7B%22label%22%3A%22BIOLOGISCH%20ABBAUBARER%20ABFALL%22%2C%22value%22%3A%22100%22%7D%2C%7B%22label%22%3A%22Ungef\u00e4hrlicher%20Industrieabfall%22%2C%22value%22%3A%2275%22%7D%5D&#8221; bgcolor=&#8221;custom&#8221; custombgcolor=&#8221;#7dc771&#8243; customtxtcolor=&#8221;#ffffff&#8221; units=&#8221;%&#8221;][\/vc_column][\/vc_row][vc_row full_width=&#8221;stretch_row_content&#8221; equal_height=&#8221;yes&#8221; content_placement=&#8221;top&#8221; bg_type=&#8221;image&#8221; parallax_style=&#8221;vcpb-default&#8221; bg_image_repeat=&#8221;no-repeat&#8221; bg_img_attach=&#8221;fixed&#8221; bg_override=&#8221;full&#8221; animation_type=&#8221;h&#8221; horizontal_animation=&#8221;left-animation&#8221; vertical_animation=&#8221;top-animation&#8221; disable_on_mobile=&#8221;disable_on_mobile_value&#8221; el_class=&#8221;equal-height-columns&#8221;][vc_column width=&#8221;1\/4&#8243; css=&#8221;.vc_custom_1472507591136{margin-top: 20px !important;margin-right: 20px !important;margin-bottom: 20px !important;margin-left: 40px !important;padding-top: 40px !important;padding-right: 40px !important;padding-bottom: 40px !important;padding-left: 40px !important;background-color: #7dc771 !important;}&#8221; el_class=&#8221;increase-size-tablet&#8221;][vc_column_text el_class=&#8221;make-p-small&#8221;]<\/p>\n<h4><span style=\"color: #ffffff;\">GETRENNT GESAMMELTER KUNSTSTOFF<\/span><\/h4>\n<p>[\/vc_column_text][vc_empty_space height=&#8221;20px&#8221;][vc_column_text el_class=&#8221;make-p-small&#8221;]<span style=\"color: #ffffff;\">Das Unternehmen LUGplast d.o.o. bietet die Entsorgung von getrennt gesammelten Kunststoffen aus Haushalten an. Diese Kunststoffe werden nach Sorten sortiert, wobei ein Teil in Ballen gepresst und an autorisierte Sammler im Ausland \u00fcbergeben wird, w\u00e4hrend der Rest in der Kunststoffverarbeitungsanlage verarbeitet wird.<\/span>[\/vc_column_text][vc_empty_space height=&#8221;20px&#8221;][\/vc_column][vc_column width=&#8221;1\/4&#8243; css=&#8221;.vc_custom_1512991161514{margin-top: 20px !important;margin-right: 20px !important;margin-bottom: 20px !important;margin-left: 20px !important;padding-top: 110px !important;padding-bottom: 110px !important;background-image: url(https:\/\/lugplast.hr\/wp-content\/uploads\/2016\/07\/recikliraj.png?id=9047) !important;background-position: center !important;background-repeat: no-repeat !important;background-size: cover !important;}&#8221; el_class=&#8221;increase-size-tablet&#8221;][\/vc_column][vc_column width=&#8221;1\/4&#8243; css=&#8221;.vc_custom_1472507609320{margin-top: 20px !important;margin-right: 20px !important;margin-bottom: 20px !important;margin-left: 20px !important;padding-top: 40px !important;padding-right: 40px !important;padding-bottom: 40px !important;padding-left: 40px !important;background-color: #4c82bf !important;}&#8221; el_class=&#8221;increase-size-tablet&#8221;][vc_column_text el_class=&#8221;make-p-small&#8221;]<\/p>\n<h4 style=\"text-align: left;\"><span style=\"color: #ffffff;\">ALTPAPIER UND PAPPE<\/span><\/h4>\n<p>[\/vc_column_text][vc_empty_space height=&#8221;20px&#8221;][vc_column_text el_class=&#8221;make-p-small&#8221;]<span style=\"color: #ffffff;\">Getrennt gesammeltes Papier und Pappe sind Abfallarten mit einer sehr hohen Recyclingquote. Das Unternehmen LUGplast d.o.o. sortiert Altpapier und -pappe und f\u00fchrt sie der Wiederverwertung zu, so dass im Produktionsprozess keine B\u00e4ume gef\u00e4llt werden m\u00fcssen.<\/span>[\/vc_column_text][vc_empty_space height=&#8221;20px&#8221;][\/vc_column][vc_column width=&#8221;1\/4&#8243; css=&#8221;.vc_custom_1512991649075{margin-top: 20px !important;margin-right: 40px !important;margin-bottom: 20px !important;margin-left: 20px !important;padding-top: 110px !important;padding-bottom: 110px !important;background-image: url(https:\/\/lugplast.hr\/wp-content\/uploads\/2016\/08\/reckliranje-papira.jpg?id=9074) !important;background-position: center !important;background-repeat: no-repeat !important;background-size: cover !important;}&#8221; el_class=&#8221;increase-size-tablet&#8221;][\/vc_column][\/vc_row][vc_row full_width=&#8221;stretch_row_content&#8221; equal_height=&#8221;yes&#8221; bg_type=&#8221;image&#8221; parallax_style=&#8221;vcpb-default&#8221; bg_image_repeat=&#8221;no-repeat&#8221; bg_img_attach=&#8221;fixed&#8221; bg_override=&#8221;full&#8221; animation_type=&#8221;h&#8221; horizontal_animation=&#8221;left-animation&#8221; vertical_animation=&#8221;top-animation&#8221; disable_on_mobile=&#8221;disable_on_mobile_value&#8221; css=&#8221;.vc_custom_1463568662404{margin-bottom: 0px !important;}&#8221; el_class=&#8221;equal-height-columns&#8221;][vc_column width=&#8221;1\/4&#8243; css=&#8221;.vc_custom_1512991940813{margin-top: 20px !important;margin-right: 20px !important;margin-bottom: 20px !important;margin-left: 40px !important;padding-top: 110px !important;padding-bottom: 110px !important;background-image: url(https:\/\/lugplast.hr\/wp-content\/uploads\/2016\/08\/recikliranje-metala.jpg?id=9077) !important;background-position: center !important;background-repeat: no-repeat !important;background-size: cover !important;}&#8221; el_class=&#8221;increase-size-tablet&#8221;][\/vc_column][vc_column width=&#8221;1\/4&#8243; css=&#8221;.vc_custom_1472507708194{margin-top: 20px !important;margin-right: 20px !important;margin-bottom: 20px !important;margin-left: 20px !important;padding-top: 40px !important;padding-right: 40px !important;padding-bottom: 40px !important;padding-left: 40px !important;background-color: #7b7baf !important;}&#8221; el_class=&#8221;increase-size-tablet&#8221;][vc_column_text el_class=&#8221;make-p-small&#8221;]<\/p>\n<h4><span style=\"color: #ffffff;\">SCHROTT-METALLE<\/span><\/h4>\n<p>[\/vc_column_text][vc_empty_space height=&#8221;20px&#8221;][vc_column_text el_class=&#8221;make-p-small&#8221;]<span style=\"color: #ffffff;\">Das Unternehmen LUGplast d.o.o. trennt w\u00e4hrend des Sortiervorgangs alle Arten von Metallen und verhindert so eine m\u00f6gliche Verunreinigung von Kunststoffen und anderen Materialien. Der Metallschrott wird nach Sorten getrennt und an autorisierte Sammler in Kroatien und im Ausland \u00fcbergeben.<\/span>[\/vc_column_text][vc_empty_space height=&#8221;20px&#8221;][\/vc_column][vc_column width=&#8221;1\/4&#8243; css=&#8221;.vc_custom_1512992267460{margin-top: 20px !important;margin-right: 20px !important;margin-bottom: 20px !important;margin-left: 20px !important;padding-top: 110px !important;padding-bottom: 110px !important;background-image: url(https:\/\/lugplast.hr\/wp-content\/uploads\/2016\/08\/food.jpg?id=9078) !important;background-position: center !important;background-repeat: no-repeat !important;background-size: cover !important;}&#8221; el_class=&#8221;increase-size-tablet&#8221;][\/vc_column][vc_column width=&#8221;1\/4&#8243; css=&#8221;.vc_custom_1472555847959{margin-top: 20px !important;margin-right: 40px !important;margin-bottom: 20px !important;margin-left: 20px !important;padding-top: 40px !important;padding-right: 40px !important;padding-bottom: 40px !important;padding-left: 40px !important;background-color: #daa877 !important;}&#8221; el_class=&#8221;increase-size-tablet&#8221;][vc_column_text el_class=&#8221;make-p-small&#8221;]<\/p>\n<h4><span style=\"color: #ffffff;\">BIOLOGISCH ABBAUBARER ABFALL<\/span><\/h4>\n<p>[\/vc_column_text][vc_empty_space height=&#8221;20px&#8221;][vc_column_text el_class=&#8221;make-p-small&#8221;]<span style=\"color: #ffffff;\">Biologisch abbaubare Abf\u00e4lle machen \u00fcber 30 % der gemischten Siedlungsabf\u00e4lle aus und stellen eine gro\u00dfe Herausforderung f\u00fcr die Abfallwirtschaft dar. Das Unternehmen LUGplast d.o.o. sammelt biologisch abbaubare Abf\u00e4lle und liefert sie an autorisierte Sammler, die sie recyceln und Biogas produzieren.<\/span>[\/vc_column_text][vc_empty_space height=&#8221;20px&#8221;][\/vc_column][\/vc_row]<\/p>\n","protected":false},"excerpt":{"rendered":"<p>[vc_row bg_type=&#8221;image&#8221; parallax_style=&#8221;vcpb-default&#8221; bg_image_new=&#8221;id^9063|url^https:\/\/lugplast.hr\/wp-content\/uploads\/2016\/08\/o-nama.jpg|caption^null|alt^null|title^o nama|description^null&#8221; bg_override=&#8221;ex-full&#8221; enable_overlay=&#8221;enable_overlay_value&#8221; overlay_color=&#8221;rgba(25,25,25,0.45)&#8221; css=&#8221;.vc_custom_1512987833514{padding-top: 150px !important;padding-bottom: 100px !important;}&#8221;][vc_column 0=&#8221;&#8221;][\/vc_column][\/vc_row][vc_row el_id=&#8221;s-section&#8221; css=&#8221;.vc_custom_1472507956478{margin-top: 80px !important;margin-bottom: 60px !important;}&#8221;][vc_column width=&#8221;2\/3&#8243;][vc_custom_heading text=&#8221;Erfahren Sie mehr \u00fcber uns&#8221; font_container=&#8221;tag:h3|text_align:left&#8221; use_theme_fonts=&#8221;yes&#8221;][vc_empty_space height=&#8221;30px&#8221;][\/vc_column][vc_column width=&#8221;1\/3&#8243;][vc_custom_heading text=&#8221;Die Wirksamkeit unserer Verarbeitung&#8221; font_container=&#8221;tag:h3|text_align:left&#8221; use_theme_fonts=&#8221;yes&#8221;][vc_empty_space height=&#8221;30px&#8221;][vc_progress_bar values=&#8221;%5B%7B%22label%22%3A%22KUNSTSTOFFABFALL%22%2C%22value%22%3A%2270%22%7D%2C%7B%22label%22%3A%22Papier%20und%20pappe%22%2C%22value%22%3A%2295%22%7D%2C%7B%22label%22%3A%22Metallabf\u00e4lle%22%2C%22value%22%3A%2299%22%7D%2C%7B%22label%22%3A%22BIOLOGISCH%20ABBAUBARER%20ABFALL%22%2C%22value%22%3A%22100%22%7D%2C%7B%22label%22%3A%22Ungef\u00e4hrlicher%20Industrieabfall%22%2C%22value%22%3A%2275%22%7D%5D&#8221; bgcolor=&#8221;custom&#8221; custombgcolor=&#8221;#7dc771&#8243; customtxtcolor=&#8221;#ffffff&#8221; units=&#8221;%&#8221;][\/vc_column][\/vc_row][vc_row full_width=&#8221;stretch_row_content&#8221; equal_height=&#8221;yes&#8221; content_placement=&#8221;top&#8221; bg_type=&#8221;image&#8221; parallax_style=&#8221;vcpb-default&#8221; bg_image_repeat=&#8221;no-repeat&#8221; bg_img_attach=&#8221;fixed&#8221; bg_override=&#8221;full&#8221; animation_type=&#8221;h&#8221; horizontal_animation=&#8221;left-animation&#8221; vertical_animation=&#8221;top-animation&#8221; disable_on_mobile=&#8221;disable_on_mobile_value&#8221; el_class=&#8221;equal-height-columns&#8221;][vc_column [&hellip;]<\/p>\n","protected":false},"author":1,"featured_media":0,"parent":0,"menu_order":0,"comment_status":"closed","ping_status":"closed","template":"page.php","meta":{"footnotes":""},"_links":{"self":[{"href":"https:\/\/lugplast.hr\/index.php\/wp-json\/wp\/v2\/pages\/9295"}],"collection":[{"href":"https:\/\/lugplast.hr\/index.php\/wp-json\/wp\/v2\/pages"}],"about":[{"href":"https:\/\/lugplast.hr\/index.php\/wp-json\/wp\/v2\/types\/page"}],"author":[{"embeddable":true,"href":"https:\/\/lugplast.hr\/index.php\/wp-json\/wp\/v2\/users\/1"}],"replies":[{"embeddable":true,"href":"https:\/\/lugplast.hr\/index.php\/wp-json\/wp\/v2\/comments?post=9295"}],"version-history":[{"count":6,"href":"https:\/\/lugplast.hr\/index.php\/wp-json\/wp\/v2\/pages\/9295\/revisions"}],"predecessor-version":[{"id":9334,"href":"https:\/\/lugplast.hr\/index.php\/wp-json\/wp\/v2\/pages\/9295\/revisions\/9334"}],"wp:attachment":[{"href":"https:\/\/lugplast.hr\/index.php\/wp-json\/wp\/v2\/media?parent=9295"}],"curies":[{"name":"wp","href":"https:\/\/api.w.org\/{rel}","templated":true}]}}